{"id":1660,"date":"2024-02-20T21:16:31","date_gmt":"2024-02-20T20:16:31","guid":{"rendered":"https:\/\/gidm.fr\/?page_id=1660"},"modified":"2024-04-18T22:09:59","modified_gmt":"2024-04-18T20:09:59","slug":"aide-contact","status":"publish","type":"page","link":"https:\/\/gidm.fr\/?page_id=1660","title":{"rendered":"Aide &#038; Contact"},"content":{"rendered":"<p>\u00a0Nous vous remercions de l\u2019int\u00e9r\u00eat que vous portez \u00e0 nos services, veuillez remplir le formulaire ci-dessous afin que nous puissions vous fournir un devis personnalis\u00e9 ou r\u00e9pondre \u00e0 votre demande dans les plus brefs d\u00e9lais.<\/p>\n<\/p><div class=\"wpforms-container wpforms-container-full wpforms-block wpforms-block-d97bab36-518d-4aea-8e2e-3878d7bc912a wpforms-render-modern\" id=\"wpforms-1629\"><form id=\"wpforms-form-1629\" class=\"wpforms-validate wpforms-form wpforms-ajax-form\" data-formid=\"1629\" method=\"post\" enctype=\"multipart\/form-data\" action=\"\/index.php?rest_route=%2Fwp%2Fv2%2Fpages%2F1660\" data-token=\"76b9a64e3abc2991e903e8dcb54b44f9\" data-token-time=\"1778588700\"><noscript class=\"wpforms-error-noscript\">Veuillez activer JavaScript dans votre navigateur pour remplir ce formulaire.<\/noscript><div class=\"wpforms-hidden\" id=\"wpforms-error-noscript\">Veuillez activer JavaScript dans votre navigateur pour remplir ce formulaire.<\/div><div class=\"wpforms-field-container\"><div id=\"wpforms-1629-field_0-container\" class=\"wpforms-field wpforms-field-name\" data-field-id=\"0\"><fieldset><legend class=\"wpforms-field-label\">Nom du contact <span class=\"wpforms-required-label\" aria-hidden=\"true\">*<\/span><\/legend><div class=\"wpforms-field-row wpforms-field-medium\"><div class=\"wpforms-field-row-block wpforms-first wpforms-one-half\"><input type=\"text\" id=\"wpforms-1629-field_0\" class=\"wpforms-field-name-first wpforms-field-required\" name=\"wpforms[fields][0][first]\" aria-errormessage=\"wpforms-1629-field_0-error\" required><label for=\"wpforms-1629-field_0\" class=\"wpforms-field-sublabel after\">Pr\u00e9nom<\/label><\/div><div class=\"wpforms-field-row-block wpforms-one-half\"><input type=\"text\" id=\"wpforms-1629-field_0-last\" class=\"wpforms-field-name-last wpforms-field-required\" name=\"wpforms[fields][0][last]\" aria-errormessage=\"wpforms-1629-field_0-last-error\" required><label for=\"wpforms-1629-field_0-last\" class=\"wpforms-field-sublabel after\">Nom<\/label><\/div><\/div><\/fieldset><\/div><div id=\"wpforms-1629-field_6-container\" class=\"wpforms-field wpforms-field-text\" data-field-id=\"6\"><label class=\"wpforms-field-label\" for=\"wpforms-1629-field_6\">Nom de la soci\u00e9t\u00e9 <span class=\"wpforms-required-label\" aria-hidden=\"true\">*<\/span><\/label><input type=\"text\" id=\"wpforms-1629-field_6\" class=\"wpforms-field-medium wpforms-field-required\" name=\"wpforms[fields][6]\" aria-errormessage=\"wpforms-1629-field_6-error\" required><\/div><div id=\"wpforms-1629-field_3-container\" class=\"wpforms-field wpforms-field-name\" data-field-id=\"3\"><label class=\"wpforms-field-label\" for=\"wpforms-1629-field_3\">Num\u00e9ro de SIRET <\/label><input type=\"text\" id=\"wpforms-1629-field_3\" class=\"wpforms-field-medium\" name=\"wpforms[fields][3]\" aria-errormessage=\"wpforms-1629-field_3-error\" ><\/div><div id=\"wpforms-1629-field_5-container\" class=\"wpforms-field wpforms-field-text\" data-field-id=\"5\"><label class=\"wpforms-field-label\" for=\"wpforms-1629-field_5\">Num\u00e9ro de t\u00e9l\u00e9phone <span class=\"wpforms-required-label\" aria-hidden=\"true\">*<\/span><\/label><input type=\"text\" id=\"wpforms-1629-field_5\" class=\"wpforms-field-medium wpforms-field-required\" name=\"wpforms[fields][5]\" aria-errormessage=\"wpforms-1629-field_5-error\" required><\/div><div id=\"wpforms-1629-field_1-container\" class=\"wpforms-field wpforms-field-email\" data-field-id=\"1\"><label class=\"wpforms-field-label\" for=\"wpforms-1629-field_1\">E-mail <span class=\"wpforms-required-label\" aria-hidden=\"true\">*<\/span><\/label><input type=\"email\" id=\"wpforms-1629-field_1\" class=\"wpforms-field-medium wpforms-field-required\" name=\"wpforms[fields][1]\" spellcheck=\"false\" aria-errormessage=\"wpforms-1629-field_1-error\" required><\/div><div id=\"wpforms-1629-field_7-container\" class=\"wpforms-field wpforms-field-radio\" data-field-id=\"7\"><fieldset><legend class=\"wpforms-field-label\">Votre demande concerne<\/legend><ul id=\"wpforms-1629-field_7\"><li class=\"choice-1 depth-1\"><input type=\"radio\" id=\"wpforms-1629-field_7_1\" name=\"wpforms[fields][7]\" value=\"Un devis\" aria-errormessage=\"wpforms-1629-field_7_1-error\"  ><label class=\"wpforms-field-label-inline\" for=\"wpforms-1629-field_7_1\">Un devis<\/label><\/li><li class=\"choice-3 depth-1\"><input type=\"radio\" id=\"wpforms-1629-field_7_3\" name=\"wpforms[fields][7]\" value=\"Une information\" aria-errormessage=\"wpforms-1629-field_7_3-error\"  ><label class=\"wpforms-field-label-inline\" for=\"wpforms-1629-field_7_3\">Une information<\/label><\/li><\/ul><\/fieldset><\/div><div id=\"wpforms-1629-field_2-container\" class=\"wpforms-field wpforms-field-textarea\" data-field-id=\"2\"><label class=\"wpforms-field-label\" for=\"wpforms-1629-field_2\">Votre message<\/label><textarea id=\"wpforms-1629-field_2\" class=\"wpforms-field-medium\" name=\"wpforms[fields][2]\" aria-errormessage=\"wpforms-1629-field_2-error\" ><\/textarea><\/div><\/div><!-- .wpforms-field-container --><div class=\"wpforms-recaptcha-container wpforms-is-recaptcha wpforms-is-recaptcha-type-v2\" ><div class=\"g-recaptcha\" data-sitekey=\"6Lcl5b8pAAAAAKEn2SVAGl70eVl-a1qouuVv4iA2\"><\/div><input type=\"text\" name=\"g-recaptcha-hidden\" class=\"wpforms-recaptcha-hidden\" style=\"position:absolute!important;clip:rect(0,0,0,0)!important;height:1px!important;width:1px!important;border:0!important;overflow:hidden!important;padding:0!important;margin:0!important;\" data-rule-recaptcha=\"1\"><\/div><div class=\"wpforms-submit-container\" ><input type=\"hidden\" name=\"wpforms[id]\" value=\"1629\"><input type=\"hidden\" name=\"page_title\" value=\"\"><input type=\"hidden\" name=\"page_url\" value=\"https:\/\/gidm.fr\/index.php?rest_route=\/wp\/v2\/pages\/1660\"><button type=\"submit\" name=\"wpforms[submit]\" id=\"wpforms-submit-1629\" class=\"wpforms-submit\" data-alt-text=\"Envoi...\" data-submit-text=\"Envoyer\" aria-live=\"assertive\" value=\"wpforms-submit\">Envoyer<\/button><img decoding=\"async\" src=\"https:\/\/gidm.fr\/wp-content\/plugins\/wpforms-lite\/assets\/images\/submit-spin.svg\" class=\"wpforms-submit-spinner\" style=\"display: none;\" width=\"26\" height=\"26\" alt=\"Chargement en cours\"><\/div><\/form><\/div>  <!-- .wpforms-container -->","protected":false},"excerpt":{"rendered":"<p>\u00a0Nous vous remercions de l\u2019int\u00e9r\u00eat que vous portez \u00e0 nos services, veuillez remplir le formulaire ci-dessous afin que nous puissions vous fournir un devis personnalis\u00e9 ou r\u00e9pondre \u00e0 votre demande dans les plus brefs d\u00e9lais.<\/p>\n","protected":false},"author":1,"featured_media":0,"parent":0,"menu_order":0,"comment_status":"closed","ping_status":"closed","template":"","meta":{"footnotes":""},"class_list":["post-1660","page","type-page","status-publish","hentry"],"jetpack_sharing_enabled":true,"acf":[],"_links":{"self":[{"href":"https:\/\/gidm.fr\/index.php?rest_route=\/wp\/v2\/pages\/1660","targetHints":{"allow":["GET"]}}],"collection":[{"href":"https:\/\/gidm.fr\/index.php?rest_route=\/wp\/v2\/pages"}],"about":[{"href":"https:\/\/gidm.fr\/index.php?rest_route=\/wp\/v2\/types\/page"}],"author":[{"embeddable":true,"href":"https:\/\/gidm.fr\/index.php?rest_route=\/wp\/v2\/users\/1"}],"replies":[{"embeddable":true,"href":"https:\/\/gidm.fr\/index.php?rest_route=%2Fwp%2Fv2%2Fcomments&post=1660"}],"version-history":[{"count":14,"href":"https:\/\/gidm.fr\/index.php?rest_route=\/wp\/v2\/pages\/1660\/revisions"}],"predecessor-version":[{"id":1686,"href":"https:\/\/gidm.fr\/index.php?rest_route=\/wp\/v2\/pages\/1660\/revisions\/1686"}],"wp:attachment":[{"href":"https:\/\/gidm.fr\/index.php?rest_route=%2Fwp%2Fv2%2Fmedia&parent=1660"}],"curies":[{"name":"wp","href":"https:\/\/api.w.org\/{rel}","templated":true}]}}