{"id":1338,"date":"2023-06-15T15:06:57","date_gmt":"2023-06-15T13:06:57","guid":{"rendered":"https:\/\/10.145.0.250\/neweb\/?page_id=1338"},"modified":"2023-07-04T20:59:41","modified_gmt":"2023-07-04T18:59:41","slug":"paiement-securise","status":"publish","type":"page","link":"https:\/\/gidm.fr\/?page_id=1338","title":{"rendered":"<div style=\"color:#0c3e5f\">Paiement s\u00e9curis\u00e9<\/div>"},"content":{"rendered":"\t\t<div data-elementor-type=\"wp-page\" data-elementor-id=\"1338\" class=\"elementor elementor-1338\">\n\t\t\t\t<section class=\"elementor-section elementor-top-section elementor-element elementor-element-7bebf018 elementor-section-boxed elementor-section-height-default elementor-section-height-default\" data-id=\"7bebf018\" data-element_type=\"section\">\n\t\t\t\t\t\t<div class=\"elementor-container elementor-column-gap-default\">\n\t\t\t\t\t<div class=\"elementor-column elementor-col-100 elementor-top-column elementor-element elementor-element-4b233194\" data-id=\"4b233194\" data-element_type=\"column\">\n\t\t\t<div class=\"elementor-widget-wrap elementor-element-populated\">\n\t\t\t\t\t\t<div class=\"elementor-element elementor-element-4d30af87 elementor-widget elementor-widget-text-editor\" data-id=\"4d30af87\" data-element_type=\"widget\" data-widget_type=\"text-editor.default\">\n\t\t\t\t<div class=\"elementor-widget-container\"><p>GIDM a choisi la solution MoneticoPaiement comme solution de paiement s\u00e9curis\u00e9.<\/p><p>Vous attendez d&rsquo;une transaction qu&rsquo;elle se d\u00e9roule en toute s\u00e9curit\u00e9. Arriv\u00e9 \u00e0 maturit\u00e9, le commerce \u00e9lectronique s&rsquo;appuie aujourd&rsquo;hui sur des normes internationales.<\/p><div style=\"color: #0c3e5f;\">\n<h2 class=\"wp-block-heading\">CERTIFICATION PCI DSS<\/h2>\n<\/div><p>La norme PCI DSS est une norme \u00e9crite conjointement par les r\u00e9seaux Carte Bleue\/Visa et EuroCard\/MasterCard. Elle regroupe des recommandations pour garantir la s\u00e9curit\u00e9 d&rsquo;informations confidentielles d\u00e9tenues par des soci\u00e9t\u00e9s, telles que des num\u00e9ros de cartes bancaires. Audit\u00e9, le groupe Cr\u00e9dit Mutuel-CIC a obtenu ce label pour sa solution de paiement par internet en 2007.<\/p><div style=\"color: #0c3e5f;\">\n<h2 class=\"wp-block-heading\">3D-SECURE<\/h2>\n<\/div><p>Depuis octobre 2008, une nouvelle norme de s\u00e9curit\u00e9 est op\u00e9rationnelle en France. Elle vise \u00e0 authentifier le porteur d&rsquo;une carte bancaire lors d&rsquo;un paiement par internet. Cette norme est d\u00e9clin\u00e9e sous le nom de \u00ab\u00a0Verified by Visa\u00a0\u00bb pour Visa et \u00ab\u00a0MasterCard SecureCode\u00a0\u00bb pour MasterCard. Son principe repose sur la v\u00e9rification d&rsquo;une information connue seulement par le titulaire de la carte bancaire (\u00e0 l&rsquo;instar du code \u00e0 4 chiffres) et qui sera demand\u00e9e par sa banque lors des transactions sur le web.<\/p><p>Notre solution est d\u00e9j\u00e0 pr\u00eate pour cette nouvelle norme.<\/p><div style=\"color: #0c3e5f;\">\n<h2 class=\"wp-block-heading\">DES S\u00c9CURITES POUR VOS CLIENTS<\/h2>\n<\/div><ul class=\"wp-block-list\"><li>Le num\u00e9ro de la carte bancaire est saisi sur une page s\u00e9curis\u00e9e h\u00e9berg\u00e9e par la banque, il n&rsquo;est donc pas connu du commer\u00e7ant.<\/li><li>Les informations sont crypt\u00e9es (technologie TLS)<\/li><li>Le num\u00e9ro de carte n&rsquo;est jamais imprim\u00e9 enti\u00e8rement sur les facturettes de paiement.<\/li><\/ul><div style=\"color: #0c3e5f;\">\n<h2 class=\"wp-block-heading\">DES SECURITES POUR LE COMMERCANT<\/h2>\n<\/div><p>La v\u00e9rification des cartes bancaires et la protection des donn\u00e9es sont aussi une priorit\u00e9 pour les commer\u00e7ants. Monetico Paiement est une solution qui effectue des contr\u00f4les syst\u00e9matiques sur\u00a0:<\/p><ul class=\"wp-block-list\"><li>l&rsquo;algorithme du num\u00e9ro de la carte bancaire et son pictogramme\u00a0;<\/li><li>une \u00e9ventuelle mise en opposition de la carte\u00a0;<\/li><li>le niveau de l&rsquo;encours de la carte bancaire.<\/li><\/ul><\/div>\n\t\t\t\t<\/div>\n\t\t\t\t\t<\/div>\n\t\t<\/div>\n\t\t\t\t\t<\/div>\n\t\t<\/section>\t\t<\/div>\n\t\t","protected":false},"excerpt":{"rendered":"<p>GIDM a choisi la solution MoneticoPaiement comme solution de paiement s\u00e9curis\u00e9. Vous attendez d&rsquo;une transaction qu&rsquo;elle se d\u00e9roule en toute s\u00e9curit\u00e9. Arriv\u00e9 \u00e0 maturit\u00e9, le commerce \u00e9lectronique s&rsquo;appuie aujourd&rsquo;hui sur des normes internationales. CERTIFICATION PCI DSS La norme PCI DSS est une norme \u00e9crite conjointement par les r\u00e9seaux Carte Bleue\/Visa et EuroCard\/MasterCard. Elle regroupe des<\/p>\n","protected":false},"author":1,"featured_media":0,"parent":0,"menu_order":0,"comment_status":"closed","ping_status":"closed","template":"","meta":{"footnotes":""},"class_list":["post-1338","page","type-page","status-publish","hentry"],"jetpack_sharing_enabled":true,"acf":[],"_links":{"self":[{"href":"https:\/\/gidm.fr\/index.php?rest_route=\/wp\/v2\/pages\/1338","targetHints":{"allow":["GET"]}}],"collection":[{"href":"https:\/\/gidm.fr\/index.php?rest_route=\/wp\/v2\/pages"}],"about":[{"href":"https:\/\/gidm.fr\/index.php?rest_route=\/wp\/v2\/types\/page"}],"author":[{"embeddable":true,"href":"https:\/\/gidm.fr\/index.php?rest_route=\/wp\/v2\/users\/1"}],"replies":[{"embeddable":true,"href":"https:\/\/gidm.fr\/index.php?rest_route=%2Fwp%2Fv2%2Fcomments&post=1338"}],"version-history":[{"count":16,"href":"https:\/\/gidm.fr\/index.php?rest_route=\/wp\/v2\/pages\/1338\/revisions"}],"predecessor-version":[{"id":1539,"href":"https:\/\/gidm.fr\/index.php?rest_route=\/wp\/v2\/pages\/1338\/revisions\/1539"}],"wp:attachment":[{"href":"https:\/\/gidm.fr\/index.php?rest_route=%2Fwp%2Fv2%2Fmedia&parent=1338"}],"curies":[{"name":"wp","href":"https:\/\/api.w.org\/{rel}","templated":true}]}}