{"id":1233,"date":"2023-06-14T15:32:59","date_gmt":"2023-06-14T13:32:59","guid":{"rendered":"https:\/\/10.145.0.250\/neweb\/?page_id=1233"},"modified":"2025-01-09T22:35:19","modified_gmt":"2025-01-09T21:35:19","slug":"mentions-legales","status":"publish","type":"page","link":"https:\/\/gidm.fr\/?page_id=1233","title":{"rendered":"<div style=\"color:#0c3e5f\">Mentions l\u00e9gales<\/div>"},"content":{"rendered":"\t\t<div data-elementor-type=\"wp-page\" data-elementor-id=\"1233\" class=\"elementor elementor-1233\">\n\t\t\t\t<section class=\"elementor-section elementor-top-section elementor-element elementor-element-2cb17a7b elementor-section-boxed elementor-section-height-default elementor-section-height-default\" data-id=\"2cb17a7b\" data-element_type=\"section\">\n\t\t\t\t\t\t<div class=\"elementor-container elementor-column-gap-default\">\n\t\t\t\t\t<div class=\"elementor-column elementor-col-100 elementor-top-column elementor-element elementor-element-10056651\" data-id=\"10056651\" data-element_type=\"column\">\n\t\t\t<div class=\"elementor-widget-wrap elementor-element-populated\">\n\t\t\t\t\t\t<div class=\"elementor-element elementor-element-517d3795 elementor-widget elementor-widget-text-editor\" data-id=\"517d3795\" data-element_type=\"widget\" data-widget_type=\"text-editor.default\">\n\t\t\t\t<div class=\"elementor-widget-container\"><div style=\"color: #0c3e5f;\">\n<h3 class=\"wp-block-heading\">\u00c9diteur du site<\/h3>\n<\/div><p>Le pr\u00e9sent site web est \u00e9dit\u00e9 par GIDM, une soci\u00e9t\u00e9 par actions simplifi\u00e9e (Soci\u00e9t\u00e9 \u00e0 associ\u00e9 unique) au capital de 5 000\u20ac immatricul\u00e9e au Registre du Commerce et des Soci\u00e9t\u00e9s sous le num\u00e9ro 818 595 63900027 dont le si\u00e8ge social est situ\u00e9 au n\u00b033 Rue Ferdinand FOREST, immeuble le Patio, 97122 Baie-Mahault.<\/p><ul class=\"wp-block-list\"><li>T\u00e9l\u00e9phone : 0972 105 105<\/li><li>Email : <a href=\"mailto:info@gidm.fr\">info@gidm.fr<\/a><\/li><li>TVA\u00a0intracommunautaire : FR02818595639<\/li><\/ul><p>Le directeur de publication du portail du site <strong>gidm.fr<\/strong> est JPHLC, Pr\u00e9sident de GIDM.<\/p><div style=\"color: #0c3e5f;\">\n<h3 class=\"wp-block-heading\">H\u00e9bergement du site<\/h3>\n<\/div><p>Le site est h\u00e9berg\u00e9 par OVH une soci\u00e9t\u00e9 par actions simplifi\u00e9e (Soci\u00e9t\u00e9 \u00e0 associ\u00e9 unique) dont le si\u00e8ge social est situ\u00e9 au 2 rue Kellermann, 59100 ROUBAIX.<\/p><div style=\"color: #0c3e5f;\">\n<h3 class=\"wp-block-heading\">Propri\u00e9t\u00e9 intellectuelle<\/h3>\n<\/div><p>Le contenu du pr\u00e9sent site web, y compris les textes, les images, les vid\u00e9os, les logos et les \u00e9l\u00e9ments graphiques, est prot\u00e9g\u00e9 par les lois relatives \u00e0 la propri\u00e9t\u00e9 intellectuelle et demeure la propri\u00e9t\u00e9 exclusive de GIDM ou de ses partenaires. Toute reproduction, repr\u00e9sentation, modification, diffusion ou exploitation de ce contenu, en tout ou en partie, sans autorisation pr\u00e9alable \u00e9crite de GIDM, est strictement interdite.<\/p><div style=\"color: #0c3e5f;\">\n<h3 class=\"wp-block-heading\">Donn\u00e9es personnelles<\/h3>\n<\/div><p>Le site ne collecte pas de donn\u00e9es personnelles des visiteurs \u00e0 leur insu. Toutefois, certaines informations non personnelles peuvent \u00eatre collect\u00e9es automatiquement, telles que l&rsquo;adresse IP, le type de navigateur, le syst\u00e8me d&rsquo;exploitation, les pages visit\u00e9es, etc., \u00e0 des fins statistiques ou pour am\u00e9liorer l&rsquo;exp\u00e9rience utilisateur.<\/p><p>Si vous choisissez de nous contacter via le formulaire de contact pr\u00e9sent sur le site, les informations que vous fournissez seront utilis\u00e9es uniquement dans le but de r\u00e9pondre \u00e0 votre demande. Elles ne seront pas divulgu\u00e9es \u00e0 des tiers sans votre consentement pr\u00e9alable.<\/p><p>Conform\u00e9ment \u00e0 la loi applicable en mati\u00e8re de protection des donn\u00e9es, vous disposez d&rsquo;un droit d&rsquo;acc\u00e8s, de rectification et de suppression de vos donn\u00e9es personnelles. Vous pouvez exercer ces droits en nous contactant par email ou par courrier postal \u00e0 l&rsquo;adresse indiqu\u00e9e en haut des pr\u00e9sentes mentions l\u00e9gales.<\/p><div style=\"color: #0c3e5f;\">\n<h3 class=\"wp-block-heading\">Cookies<\/h3>\n<\/div><p>Le site utilise des cookies pour am\u00e9liorer l&rsquo;exp\u00e9rience de navigation des utilisateurs. Un cookie est un petit fichier texte stock\u00e9 sur l&rsquo;ordinateur de l&rsquo;utilisateur. Les cookies utilis\u00e9s par ce site sont uniquement destin\u00e9s \u00e0 des fins statistiques et ne permettent pas d&rsquo;identifier personnellement l&rsquo;utilisateur. Vous avez la possibilit\u00e9 de refuser l&rsquo;utilisation de cookies en configurant votre navigateur en cons\u00e9quence.<\/p><div style=\"color: #0c3e5f;\">\n<h3 class=\"wp-block-heading\">Liens externes<\/h3>\n<\/div><p>Le pr\u00e9sent site web peut contenir des liens vers des sites web de tiers. Ces liens sont fournis uniquement \u00e0 titre informatif et GIDM d\u00e9cline toute responsabilit\u00e9 quant au contenu de ces sites tiers.<\/p><div style=\"color: #0c3e5f;\">\n<h3 class=\"wp-block-heading\">Limitation de responsabilit\u00e9<\/h3>\n<\/div><p>Le contenu du site est fourni \u00e0 titre informatif et ne constitue en aucun cas un conseil ou une prestation de services professionnels. GIDM d\u00e9cline toute responsabilit\u00e9 en cas de dommages directs ou indirects r\u00e9sultant.<\/p><\/div>\n\t\t\t\t<\/div>\n\t\t\t\t\t<\/div>\n\t\t<\/div>\n\t\t\t\t\t<\/div>\n\t\t<\/section>\t\t<\/div>\n\t\t","protected":false},"excerpt":{"rendered":"<p>\u00c9diteur du site Le pr\u00e9sent site web est \u00e9dit\u00e9 par GIDM, une soci\u00e9t\u00e9 par actions simplifi\u00e9e (Soci\u00e9t\u00e9 \u00e0 associ\u00e9 unique) au capital de 5 000\u20ac immatricul\u00e9e au Registre du Commerce et des Soci\u00e9t\u00e9s sous le num\u00e9ro 818 595 63900027 dont le si\u00e8ge social est situ\u00e9 au n\u00b033 Rue Ferdinand FOREST, immeuble le Patio, 97122 Baie-Mahault.<\/p>\n","protected":false},"author":1,"featured_media":0,"parent":0,"menu_order":0,"comment_status":"closed","ping_status":"closed","template":"","meta":{"footnotes":""},"class_list":["post-1233","page","type-page","status-publish","hentry"],"jetpack_sharing_enabled":true,"acf":[],"_links":{"self":[{"href":"https:\/\/gidm.fr\/index.php?rest_route=\/wp\/v2\/pages\/1233","targetHints":{"allow":["GET"]}}],"collection":[{"href":"https:\/\/gidm.fr\/index.php?rest_route=\/wp\/v2\/pages"}],"about":[{"href":"https:\/\/gidm.fr\/index.php?rest_route=\/wp\/v2\/types\/page"}],"author":[{"embeddable":true,"href":"https:\/\/gidm.fr\/index.php?rest_route=\/wp\/v2\/users\/1"}],"replies":[{"embeddable":true,"href":"https:\/\/gidm.fr\/index.php?rest_route=%2Fwp%2Fv2%2Fcomments&post=1233"}],"version-history":[{"count":17,"href":"https:\/\/gidm.fr\/index.php?rest_route=\/wp\/v2\/pages\/1233\/revisions"}],"predecessor-version":[{"id":1708,"href":"https:\/\/gidm.fr\/index.php?rest_route=\/wp\/v2\/pages\/1233\/revisions\/1708"}],"wp:attachment":[{"href":"https:\/\/gidm.fr\/index.php?rest_route=%2Fwp%2Fv2%2Fmedia&parent=1233"}],"curies":[{"name":"wp","href":"https:\/\/api.w.org\/{rel}","templated":true}]}}